{"id":187,"date":"2020-04-19T04:07:52","date_gmt":"2020-04-19T04:07:52","guid":{"rendered":"http:\/\/gpoferro.com\/?page_id=187"},"modified":"2020-04-19T04:36:23","modified_gmt":"2020-04-19T04:36:23","slug":"proveedores-2","status":"publish","type":"page","link":"https:\/\/gpoferro.com\/index.php\/proveedores-2\/","title":{"rendered":"Proveedores"},"content":{"rendered":"\n<p>Gracias por contactarnos por este medio, si usted tiene alg\u00fan producto que busque comercializar con nosotros favor de enviar su carta de presentaci\u00f3n al correo electr\u00f3nico: <strong>contacto@gpoferro.com <\/strong><br><br>Ser\u00e1 un placer hacer negocios juntos!<\/p>\n","protected":false},"excerpt":{"rendered":"<p>Gracias por contactarnos por este medio, si usted tiene alg\u00fan producto que busque comercializar con nosotros favor de enviar su carta de presentaci\u00f3n al correo electr\u00f3nico: contacto@gpoferro.com Ser\u00e1 un placer hacer negocios juntos!<\/p>\n","protected":false},"author":1,"featured_media":0,"parent":0,"menu_order":0,"comment_status":"closed","ping_status":"closed","template":"","meta":{"_uag_custom_page_level_css":"","footnotes":""},"yoast_head":"<!-- This site is optimized with the Yoast SEO plugin v22.8 - https:\/\/yoast.com\/wordpress\/plugins\/seo\/ -->\n<title>Proveedores - Grupo FERRO<\/title>\n<meta name=\"robots\" content=\"index, follow, max-snippet:-1, max-image-preview:large, max-video-preview:-1\" \/>\n<link rel=\"canonical\" href=\"https:\/\/gpoferro.com\/index.php\/proveedores-2\/\" \/>\n<meta property=\"og:locale\" content=\"es_ES\" \/>\n<meta property=\"og:type\" content=\"article\" \/>\n<meta property=\"og:title\" content=\"Proveedores - Grupo FERRO\" \/>\n<meta property=\"og:description\" content=\"Gracias por contactarnos por este medio, si usted tiene alg\u00fan producto que busque comercializar con nosotros favor de enviar su carta de presentaci\u00f3n al correo electr\u00f3nico: contacto@gpoferro.com Ser\u00e1 un placer hacer negocios juntos!\" \/>\n<meta property=\"og:url\" content=\"https:\/\/gpoferro.com\/index.php\/proveedores-2\/\" \/>\n<meta property=\"og:site_name\" content=\"Grupo FERRO\" \/>\n<meta property=\"article:modified_time\" content=\"2020-04-19T04:36:23+00:00\" \/>\n<meta name=\"twitter:card\" content=\"summary_large_image\" \/>\n<script type=\"application\/ld+json\" class=\"yoast-schema-graph\">{\"@context\":\"https:\/\/schema.org\",\"@graph\":[{\"@type\":\"WebPage\",\"@id\":\"https:\/\/gpoferro.com\/index.php\/proveedores-2\/\",\"url\":\"https:\/\/gpoferro.com\/index.php\/proveedores-2\/\",\"name\":\"Proveedores - Grupo FERRO\",\"isPartOf\":{\"@id\":\"https:\/\/gpoferro.com\/#website\"},\"datePublished\":\"2020-04-19T04:07:52+00:00\",\"dateModified\":\"2020-04-19T04:36:23+00:00\",\"breadcrumb\":{\"@id\":\"https:\/\/gpoferro.com\/index.php\/proveedores-2\/#breadcrumb\"},\"inLanguage\":\"es\",\"potentialAction\":[{\"@type\":\"ReadAction\",\"target\":[\"https:\/\/gpoferro.com\/index.php\/proveedores-2\/\"]}]},{\"@type\":\"BreadcrumbList\",\"@id\":\"https:\/\/gpoferro.com\/index.php\/proveedores-2\/#breadcrumb\",\"itemListElement\":[{\"@type\":\"ListItem\",\"position\":1,\"name\":\"Portada\",\"item\":\"https:\/\/gpoferro.com\/\"},{\"@type\":\"ListItem\",\"position\":2,\"name\":\"Proveedores\"}]},{\"@type\":\"WebSite\",\"@id\":\"https:\/\/gpoferro.com\/#website\",\"url\":\"https:\/\/gpoferro.com\/\",\"name\":\"Grupo FERRO\",\"description\":\"\",\"publisher\":{\"@id\":\"https:\/\/gpoferro.com\/#organization\"},\"potentialAction\":[{\"@type\":\"SearchAction\",\"target\":{\"@type\":\"EntryPoint\",\"urlTemplate\":\"https:\/\/gpoferro.com\/?s={search_term_string}\"},\"query-input\":\"required name=search_term_string\"}],\"inLanguage\":\"es\"},{\"@type\":\"Organization\",\"@id\":\"https:\/\/gpoferro.com\/#organization\",\"name\":\"Grupo FERRO\",\"url\":\"https:\/\/gpoferro.com\/\",\"logo\":{\"@type\":\"ImageObject\",\"inLanguage\":\"es\",\"@id\":\"https:\/\/gpoferro.com\/#\/schema\/logo\/image\/\",\"url\":\"https:\/\/gpoferro.com\/wp-content\/uploads\/2020\/04\/cropped-GRUPO-FERRO-LOGO-3.png\",\"contentUrl\":\"https:\/\/gpoferro.com\/wp-content\/uploads\/2020\/04\/cropped-GRUPO-FERRO-LOGO-3.png\",\"width\":181,\"height\":109,\"caption\":\"Grupo FERRO\"},\"image\":{\"@id\":\"https:\/\/gpoferro.com\/#\/schema\/logo\/image\/\"}}]}<\/script>\n<!-- \/ Yoast SEO plugin. -->","yoast_head_json":{"title":"Proveedores - Grupo FERRO","robots":{"index":"index","follow":"follow","max-snippet":"max-snippet:-1","max-image-preview":"max-image-preview:large","max-video-preview":"max-video-preview:-1"},"canonical":"https:\/\/gpoferro.com\/index.php\/proveedores-2\/","og_locale":"es_ES","og_type":"article","og_title":"Proveedores - Grupo FERRO","og_description":"Gracias por contactarnos por este medio, si usted tiene alg\u00fan producto que busque comercializar con nosotros favor de enviar su carta de presentaci\u00f3n al correo electr\u00f3nico: contacto@gpoferro.com Ser\u00e1 un placer hacer negocios juntos!","og_url":"https:\/\/gpoferro.com\/index.php\/proveedores-2\/","og_site_name":"Grupo FERRO","article_modified_time":"2020-04-19T04:36:23+00:00","twitter_card":"summary_large_image","schema":{"@context":"https:\/\/schema.org","@graph":[{"@type":"WebPage","@id":"https:\/\/gpoferro.com\/index.php\/proveedores-2\/","url":"https:\/\/gpoferro.com\/index.php\/proveedores-2\/","name":"Proveedores - Grupo FERRO","isPartOf":{"@id":"https:\/\/gpoferro.com\/#website"},"datePublished":"2020-04-19T04:07:52+00:00","dateModified":"2020-04-19T04:36:23+00:00","breadcrumb":{"@id":"https:\/\/gpoferro.com\/index.php\/proveedores-2\/#breadcrumb"},"inLanguage":"es","potentialAction":[{"@type":"ReadAction","target":["https:\/\/gpoferro.com\/index.php\/proveedores-2\/"]}]},{"@type":"BreadcrumbList","@id":"https:\/\/gpoferro.com\/index.php\/proveedores-2\/#breadcrumb","itemListElement":[{"@type":"ListItem","position":1,"name":"Portada","item":"https:\/\/gpoferro.com\/"},{"@type":"ListItem","position":2,"name":"Proveedores"}]},{"@type":"WebSite","@id":"https:\/\/gpoferro.com\/#website","url":"https:\/\/gpoferro.com\/","name":"Grupo FERRO","description":"","publisher":{"@id":"https:\/\/gpoferro.com\/#organization"},"potentialAction":[{"@type":"SearchAction","target":{"@type":"EntryPoint","urlTemplate":"https:\/\/gpoferro.com\/?s={search_term_string}"},"query-input":"required name=search_term_string"}],"inLanguage":"es"},{"@type":"Organization","@id":"https:\/\/gpoferro.com\/#organization","name":"Grupo FERRO","url":"https:\/\/gpoferro.com\/","logo":{"@type":"ImageObject","inLanguage":"es","@id":"https:\/\/gpoferro.com\/#\/schema\/logo\/image\/","url":"https:\/\/gpoferro.com\/wp-content\/uploads\/2020\/04\/cropped-GRUPO-FERRO-LOGO-3.png","contentUrl":"https:\/\/gpoferro.com\/wp-content\/uploads\/2020\/04\/cropped-GRUPO-FERRO-LOGO-3.png","width":181,"height":109,"caption":"Grupo FERRO"},"image":{"@id":"https:\/\/gpoferro.com\/#\/schema\/logo\/image\/"}}]}},"uagb_featured_image_src":{"full":false,"thumbnail":false,"medium":false,"medium_large":false,"large":false,"1536x1536":false,"2048x2048":false},"uagb_author_info":{"display_name":"GPOFERRO","author_link":"https:\/\/gpoferro.com\/index.php\/author\/wnnylrhp4c\/"},"uagb_comment_info":0,"uagb_excerpt":"Gracias por contactarnos por este medio, si usted tiene alg\u00fan producto que busque comercializar con nosotros favor de enviar su carta de presentaci\u00f3n al correo electr\u00f3nico: contacto@gpoferro.com Ser\u00e1 un placer hacer negocios juntos!","_links":{"self":[{"href":"https:\/\/gpoferro.com\/index.php\/wp-json\/wp\/v2\/pages\/187"}],"collection":[{"href":"https:\/\/gpoferro.com\/index.php\/wp-json\/wp\/v2\/pages"}],"about":[{"href":"https:\/\/gpoferro.com\/index.php\/wp-json\/wp\/v2\/types\/page"}],"author":[{"embeddable":true,"href":"https:\/\/gpoferro.com\/index.php\/wp-json\/wp\/v2\/users\/1"}],"replies":[{"embeddable":true,"href":"https:\/\/gpoferro.com\/index.php\/wp-json\/wp\/v2\/comments?post=187"}],"version-history":[{"count":6,"href":"https:\/\/gpoferro.com\/index.php\/wp-json\/wp\/v2\/pages\/187\/revisions"}],"predecessor-version":[{"id":196,"href":"https:\/\/gpoferro.com\/index.php\/wp-json\/wp\/v2\/pages\/187\/revisions\/196"}],"wp:attachment":[{"href":"https:\/\/gpoferro.com\/index.php\/wp-json\/wp\/v2\/media?parent=187"}],"curies":[{"name":"wp","href":"https:\/\/api.w.org\/{rel}","templated":true}]}}