{"id":154,"date":"2020-04-17T03:53:07","date_gmt":"2020-04-17T03:53:07","guid":{"rendered":"http:\/\/gpoferro.com\/?page_id=154"},"modified":"2025-04-30T02:21:22","modified_gmt":"2025-04-30T02:21:22","slug":"pintura-grupo-ferro","status":"publish","type":"page","link":"https:\/\/gpoferro.com\/","title":{"rendered":"\u00bfPor qu\u00e9 Pinturas Grupo FERRO?"},"content":{"rendered":"<div class=\"wp-block-image\">\n<figure class=\"alignright size-large is-resized\"><img loading=\"lazy\" decoding=\"async\" width=\"981\" height=\"887\" src=\"https:\/\/gpoferro.com\/wp-content\/uploads\/2021\/01\/Igualacion-plata.jpg\" alt=\"\" class=\"wp-image-287\" style=\"width:382px;height:367px\" srcset=\"https:\/\/gpoferro.com\/wp-content\/uploads\/2021\/01\/Igualacion-plata.jpg 981w, https:\/\/gpoferro.com\/wp-content\/uploads\/2021\/01\/Igualacion-plata-300x271.jpg 300w, https:\/\/gpoferro.com\/wp-content\/uploads\/2021\/01\/Igualacion-plata-768x694.jpg 768w\" sizes=\"(max-width: 981px) 100vw, 981px\" \/><\/figure><\/div>\n\n\n<p>Estamos siempre con el gusto de ofrecerle pintura automotriz, industrial y marina al igual que todos los complementos para cualquiera de sus proyectos e instalaci\u00f3n de <a href=\"https:\/\/gpoferro.com\/cabinas\/cabinas.html\">cabinas de pinturas<\/a> con filtros certificados, sistema de iluminaci\u00f3n cero sombras y extracci\u00f3n ultra eficiente.<br><br>En Grupo FERRO buscamos relaciones a largo plazo, por lo que estamos comprometidos con los proyectos que nuestros clientes llevan a cabo, contamos con asesor\u00eda t\u00e9cnica en aplicaciones especificas, servicio a domicilio y atenci\u00f3n personalizada por especialistas en sus proyectos especiales, conozca nuestros <a href=\"https:\/\/gpoferro.com\/acuerdos\/acuerdos.html\">programas estrategicos<\/a>.<br><br><\/p>\n\n\n<div class=\"wp-block-image\">\n<figure class=\"alignleft size-full is-resized\"><img loading=\"lazy\" decoding=\"async\" width=\"1000\" height=\"1000\" src=\"https:\/\/gpoferro.com\/wp-content\/uploads\/2025\/04\/Antes.png\" alt=\"\" class=\"wp-image-750\" style=\"width:428px;height:288px\" srcset=\"https:\/\/gpoferro.com\/wp-content\/uploads\/2025\/04\/Antes.png 1000w, https:\/\/gpoferro.com\/wp-content\/uploads\/2025\/04\/Antes-300x300.png 300w, https:\/\/gpoferro.com\/wp-content\/uploads\/2025\/04\/Antes-150x150.png 150w, https:\/\/gpoferro.com\/wp-content\/uploads\/2025\/04\/Antes-768x768.png 768w\" sizes=\"(max-width: 1000px) 100vw, 1000px\" \/><\/figure><\/div>\n\n\n<p><br>Nuestra ubicaci\u00f3n estrat\u00e9gica es un diferencial positivo para nuestras entregas for\u00e1neas, contamos con convenios con empresas de paqueter\u00edas a los mejores precios, tiempos de entrega competitivos para beneficio de nuestros clientes.<br><br>Llevamos relaci\u00f3n con una amplia gama de proveedores y fabricantes en los sectores del repintado automotriz e industrial para hacerle llegar<a href=\"http:\/\/gpoferro.com\/index.php\/grupo-ferro\/\"> productos <\/a>de primer mano y a un precio justo que lo haga competir en un mercado de calidad.<br><br>Cont\u00e1ctenos a trav\u00e9s de correo electr\u00f3nico y platiquemos de sus requerimientos, tendremos soluciones para sus ideas, escribanos al correo: <strong>contacto@gpoferro.com<\/strong><\/p>\n","protected":false},"excerpt":{"rendered":"<p>Estamos siempre con el gusto de ofrecerle pintura automotriz, industrial y marina al igual que todos los complementos para cualquiera de sus proyectos e instalaci\u00f3n de cabinas de pinturas con filtros certificados, sistema de iluminaci\u00f3n cero sombras y extracci\u00f3n ultra eficiente. En Grupo FERRO buscamos relaciones a largo plazo, por lo que estamos comprometidos con [&hellip;]<\/p>\n","protected":false},"author":1,"featured_media":0,"parent":0,"menu_order":0,"comment_status":"closed","ping_status":"closed","template":"","meta":{"_uag_custom_page_level_css":"","footnotes":""},"yoast_head":"<!-- This site is optimized with the Yoast SEO plugin v22.8 - https:\/\/yoast.com\/wordpress\/plugins\/seo\/ -->\n<title>\u00bfPor qu\u00e9 Pinturas Grupo FERRO? - Grupo FERRO<\/title>\n<meta name=\"description\" content=\"Pintura Grupo FERRO tiene la soluci\u00f3n para sus aplicaciones automotriz e industrial, contamos con asesoria tecnia para mejorar sus proyectos.\" \/>\n<meta name=\"robots\" content=\"index, follow, max-snippet:-1, max-image-preview:large, max-video-preview:-1\" \/>\n<link rel=\"canonical\" href=\"https:\/\/gpoferro.com\/\" \/>\n<meta property=\"og:locale\" content=\"es_ES\" \/>\n<meta property=\"og:type\" content=\"article\" \/>\n<meta property=\"og:title\" content=\"\u00bfPor qu\u00e9 Pinturas Grupo FERRO? - Grupo FERRO\" \/>\n<meta property=\"og:description\" content=\"Pintura Grupo FERRO tiene la soluci\u00f3n para sus aplicaciones automotriz e industrial, contamos con asesoria tecnia para mejorar sus proyectos.\" \/>\n<meta property=\"og:url\" content=\"https:\/\/gpoferro.com\/\" \/>\n<meta property=\"og:site_name\" content=\"Grupo FERRO\" \/>\n<meta property=\"article:modified_time\" content=\"2025-04-30T02:21:22+00:00\" \/>\n<meta property=\"og:image\" content=\"https:\/\/gpoferro.com\/wp-content\/uploads\/2021\/01\/Igualacion-plata.jpg\" \/>\n<meta name=\"twitter:card\" content=\"summary_large_image\" \/>\n<meta name=\"twitter:label1\" content=\"Tiempo de lectura\" \/>\n\t<meta name=\"twitter:data1\" content=\"2 minutos\" \/>\n<script type=\"application\/ld+json\" class=\"yoast-schema-graph\">{\"@context\":\"https:\/\/schema.org\",\"@graph\":[{\"@type\":\"WebPage\",\"@id\":\"https:\/\/gpoferro.com\/\",\"url\":\"https:\/\/gpoferro.com\/\",\"name\":\"\u00bfPor qu\u00e9 Pinturas Grupo FERRO? - Grupo FERRO\",\"isPartOf\":{\"@id\":\"https:\/\/gpoferro.com\/#website\"},\"primaryImageOfPage\":{\"@id\":\"https:\/\/gpoferro.com\/#primaryimage\"},\"image\":{\"@id\":\"https:\/\/gpoferro.com\/#primaryimage\"},\"thumbnailUrl\":\"https:\/\/gpoferro.com\/wp-content\/uploads\/2021\/01\/Igualacion-plata.jpg\",\"datePublished\":\"2020-04-17T03:53:07+00:00\",\"dateModified\":\"2025-04-30T02:21:22+00:00\",\"description\":\"Pintura Grupo FERRO tiene la soluci\u00f3n para sus aplicaciones automotriz e industrial, contamos con asesoria tecnia para mejorar sus proyectos.\",\"breadcrumb\":{\"@id\":\"https:\/\/gpoferro.com\/#breadcrumb\"},\"inLanguage\":\"es\",\"potentialAction\":[{\"@type\":\"ReadAction\",\"target\":[\"https:\/\/gpoferro.com\/\"]}]},{\"@type\":\"ImageObject\",\"inLanguage\":\"es\",\"@id\":\"https:\/\/gpoferro.com\/#primaryimage\",\"url\":\"https:\/\/gpoferro.com\/wp-content\/uploads\/2021\/01\/Igualacion-plata.jpg\",\"contentUrl\":\"https:\/\/gpoferro.com\/wp-content\/uploads\/2021\/01\/Igualacion-plata.jpg\",\"width\":981,\"height\":887},{\"@type\":\"BreadcrumbList\",\"@id\":\"https:\/\/gpoferro.com\/#breadcrumb\",\"itemListElement\":[{\"@type\":\"ListItem\",\"position\":1,\"name\":\"Portada\",\"item\":\"https:\/\/gpoferro.com\/\"},{\"@type\":\"ListItem\",\"position\":2,\"name\":\"\u00bfPor qu\u00e9 Pinturas Grupo FERRO?\"}]},{\"@type\":\"WebSite\",\"@id\":\"https:\/\/gpoferro.com\/#website\",\"url\":\"https:\/\/gpoferro.com\/\",\"name\":\"Grupo FERRO\",\"description\":\"\",\"publisher\":{\"@id\":\"https:\/\/gpoferro.com\/#organization\"},\"potentialAction\":[{\"@type\":\"SearchAction\",\"target\":{\"@type\":\"EntryPoint\",\"urlTemplate\":\"https:\/\/gpoferro.com\/?s={search_term_string}\"},\"query-input\":\"required name=search_term_string\"}],\"inLanguage\":\"es\"},{\"@type\":\"Organization\",\"@id\":\"https:\/\/gpoferro.com\/#organization\",\"name\":\"Grupo FERRO\",\"url\":\"https:\/\/gpoferro.com\/\",\"logo\":{\"@type\":\"ImageObject\",\"inLanguage\":\"es\",\"@id\":\"https:\/\/gpoferro.com\/#\/schema\/logo\/image\/\",\"url\":\"https:\/\/gpoferro.com\/wp-content\/uploads\/2020\/04\/cropped-GRUPO-FERRO-LOGO-3.png\",\"contentUrl\":\"https:\/\/gpoferro.com\/wp-content\/uploads\/2020\/04\/cropped-GRUPO-FERRO-LOGO-3.png\",\"width\":181,\"height\":109,\"caption\":\"Grupo FERRO\"},\"image\":{\"@id\":\"https:\/\/gpoferro.com\/#\/schema\/logo\/image\/\"}}]}<\/script>\n<!-- \/ Yoast SEO plugin. -->","yoast_head_json":{"title":"\u00bfPor qu\u00e9 Pinturas Grupo FERRO? - Grupo FERRO","description":"Pintura Grupo FERRO tiene la soluci\u00f3n para sus aplicaciones automotriz e industrial, contamos con asesoria tecnia para mejorar sus proyectos.","robots":{"index":"index","follow":"follow","max-snippet":"max-snippet:-1","max-image-preview":"max-image-preview:large","max-video-preview":"max-video-preview:-1"},"canonical":"https:\/\/gpoferro.com\/","og_locale":"es_ES","og_type":"article","og_title":"\u00bfPor qu\u00e9 Pinturas Grupo FERRO? - Grupo FERRO","og_description":"Pintura Grupo FERRO tiene la soluci\u00f3n para sus aplicaciones automotriz e industrial, contamos con asesoria tecnia para mejorar sus proyectos.","og_url":"https:\/\/gpoferro.com\/","og_site_name":"Grupo FERRO","article_modified_time":"2025-04-30T02:21:22+00:00","og_image":[{"url":"https:\/\/gpoferro.com\/wp-content\/uploads\/2021\/01\/Igualacion-plata.jpg"}],"twitter_card":"summary_large_image","twitter_misc":{"Tiempo de lectura":"2 minutos"},"schema":{"@context":"https:\/\/schema.org","@graph":[{"@type":"WebPage","@id":"https:\/\/gpoferro.com\/","url":"https:\/\/gpoferro.com\/","name":"\u00bfPor qu\u00e9 Pinturas Grupo FERRO? - Grupo FERRO","isPartOf":{"@id":"https:\/\/gpoferro.com\/#website"},"primaryImageOfPage":{"@id":"https:\/\/gpoferro.com\/#primaryimage"},"image":{"@id":"https:\/\/gpoferro.com\/#primaryimage"},"thumbnailUrl":"https:\/\/gpoferro.com\/wp-content\/uploads\/2021\/01\/Igualacion-plata.jpg","datePublished":"2020-04-17T03:53:07+00:00","dateModified":"2025-04-30T02:21:22+00:00","description":"Pintura Grupo FERRO tiene la soluci\u00f3n para sus aplicaciones automotriz e industrial, contamos con asesoria tecnia para mejorar sus proyectos.","breadcrumb":{"@id":"https:\/\/gpoferro.com\/#breadcrumb"},"inLanguage":"es","potentialAction":[{"@type":"ReadAction","target":["https:\/\/gpoferro.com\/"]}]},{"@type":"ImageObject","inLanguage":"es","@id":"https:\/\/gpoferro.com\/#primaryimage","url":"https:\/\/gpoferro.com\/wp-content\/uploads\/2021\/01\/Igualacion-plata.jpg","contentUrl":"https:\/\/gpoferro.com\/wp-content\/uploads\/2021\/01\/Igualacion-plata.jpg","width":981,"height":887},{"@type":"BreadcrumbList","@id":"https:\/\/gpoferro.com\/#breadcrumb","itemListElement":[{"@type":"ListItem","position":1,"name":"Portada","item":"https:\/\/gpoferro.com\/"},{"@type":"ListItem","position":2,"name":"\u00bfPor qu\u00e9 Pinturas Grupo FERRO?"}]},{"@type":"WebSite","@id":"https:\/\/gpoferro.com\/#website","url":"https:\/\/gpoferro.com\/","name":"Grupo FERRO","description":"","publisher":{"@id":"https:\/\/gpoferro.com\/#organization"},"potentialAction":[{"@type":"SearchAction","target":{"@type":"EntryPoint","urlTemplate":"https:\/\/gpoferro.com\/?s={search_term_string}"},"query-input":"required name=search_term_string"}],"inLanguage":"es"},{"@type":"Organization","@id":"https:\/\/gpoferro.com\/#organization","name":"Grupo FERRO","url":"https:\/\/gpoferro.com\/","logo":{"@type":"ImageObject","inLanguage":"es","@id":"https:\/\/gpoferro.com\/#\/schema\/logo\/image\/","url":"https:\/\/gpoferro.com\/wp-content\/uploads\/2020\/04\/cropped-GRUPO-FERRO-LOGO-3.png","contentUrl":"https:\/\/gpoferro.com\/wp-content\/uploads\/2020\/04\/cropped-GRUPO-FERRO-LOGO-3.png","width":181,"height":109,"caption":"Grupo FERRO"},"image":{"@id":"https:\/\/gpoferro.com\/#\/schema\/logo\/image\/"}}]}},"uagb_featured_image_src":{"full":false,"thumbnail":false,"medium":false,"medium_large":false,"large":false,"1536x1536":false,"2048x2048":false},"uagb_author_info":{"display_name":"GPOFERRO","author_link":"https:\/\/gpoferro.com\/index.php\/author\/wnnylrhp4c\/"},"uagb_comment_info":0,"uagb_excerpt":"Estamos siempre con el gusto de ofrecerle pintura automotriz, industrial y marina al igual que todos los complementos para cualquiera de sus proyectos e instalaci\u00f3n de cabinas de pinturas con filtros certificados, sistema de iluminaci\u00f3n cero sombras y extracci\u00f3n ultra eficiente. En Grupo FERRO buscamos relaciones a largo plazo, por lo que estamos comprometidos con&hellip;","_links":{"self":[{"href":"https:\/\/gpoferro.com\/index.php\/wp-json\/wp\/v2\/pages\/154"}],"collection":[{"href":"https:\/\/gpoferro.com\/index.php\/wp-json\/wp\/v2\/pages"}],"about":[{"href":"https:\/\/gpoferro.com\/index.php\/wp-json\/wp\/v2\/types\/page"}],"author":[{"embeddable":true,"href":"https:\/\/gpoferro.com\/index.php\/wp-json\/wp\/v2\/users\/1"}],"replies":[{"embeddable":true,"href":"https:\/\/gpoferro.com\/index.php\/wp-json\/wp\/v2\/comments?post=154"}],"version-history":[{"count":47,"href":"https:\/\/gpoferro.com\/index.php\/wp-json\/wp\/v2\/pages\/154\/revisions"}],"predecessor-version":[{"id":756,"href":"https:\/\/gpoferro.com\/index.php\/wp-json\/wp\/v2\/pages\/154\/revisions\/756"}],"wp:attachment":[{"href":"https:\/\/gpoferro.com\/index.php\/wp-json\/wp\/v2\/media?parent=154"}],"curies":[{"name":"wp","href":"https:\/\/api.w.org\/{rel}","templated":true}]}}